{"id":21389,"date":"2023-04-16T08:14:45","date_gmt":"2023-04-16T08:14:45","guid":{"rendered":"https:\/\/ilkadim.dev50.xyz\/index.php\/lands\/"},"modified":"2024-02-07T09:58:49","modified_gmt":"2024-02-07T09:58:49","slug":"araziler","status":"publish","type":"page","link":"https:\/\/www.ilkadim-turkey.com\/tr\/araziler\/","title":{"rendered":"Araziler"},"content":{"rendered":"\t\t<div data-elementor-type=\"wp-page\" data-elementor-id=\"21389\" class=\"elementor elementor-21389 elementor-3024\" data-elementor-post-type=\"page\">\n\t\t\t\t\t\t<section class=\"elementor-section elementor-top-section elementor-element elementor-element-11472a25 elementor-section-height-min-height elementor-section-boxed elementor-section-height-default elementor-section-items-middle\" data-id=\"11472a25\" data-element_type=\"section\" data-e-type=\"section\" data-settings=\"{&quot;background_background&quot;:&quot;classic&quot;}\">\n\t\t\t\t\t\t<div class=\"elementor-container elementor-column-gap-default\">\n\t\t\t\t\t<div class=\"elementor-column elementor-col-100 elementor-top-column elementor-element elementor-element-1fc6917e\" data-id=\"1fc6917e\" data-element_type=\"column\" data-e-type=\"column\">\n\t\t\t<div class=\"elementor-widget-wrap elementor-element-populated\">\n\t\t\t\t\t\t<div class=\"elementor-element elementor-element-bec8adc elementor-widget elementor-widget-houzez-property-breadcrumb\" data-id=\"bec8adc\" data-element_type=\"widget\" data-e-type=\"widget\" data-widget_type=\"houzez-property-breadcrumb.default\">\n\t\t\t\t<div class=\"elementor-widget-container\">\n\t\t\t\t\t<div class=\"breadcrumb-wrap\"><ol class=\"breadcrumb\"><li class=\"breadcrumb-item breadcrumb-item-home\"><i class=\"houzez-icon icon-house\"><\/i><a href=\"https:\/\/www.ilkadim-turkey.com\/tr\/\/\">Home<\/a><\/li><li class=\"breadcrumb-item active\">Sayfalar<\/li><\/ol><\/div>\t\t\t\t<\/div>\n\t\t\t\t<\/div>\n\t\t\t\t\t<\/div>\n\t\t<\/div>\n\t\t\t\t\t<\/div>\n\t\t<\/section>\n\t\t<div class=\"elementor-element elementor-element-65392b5 e-flex e-con-boxed e-con e-parent\" data-id=\"65392b5\" data-element_type=\"container\" data-e-type=\"container\">\n\t\t\t\t\t<div class=\"e-con-inner\">\n\t\t\t\t<div class=\"elementor-element elementor-element-14e000f elementor-widget elementor-widget-video\" data-id=\"14e000f\" data-element_type=\"widget\" data-e-type=\"widget\" data-settings=\"{&quot;youtube_url&quot;:&quot;https:\\\/\\\/www.youtube.com\\\/watch?v=hJXPKq9kFt4&quot;,&quot;video_type&quot;:&quot;youtube&quot;,&quot;controls&quot;:&quot;yes&quot;}\" data-widget_type=\"video.default\">\n\t\t\t\t<div class=\"elementor-widget-container\">\n\t\t\t\t\t\t\t<div class=\"elementor-wrapper elementor-open-inline\">\n\t\t\t<div class=\"elementor-video\"><\/div>\t\t<\/div>\n\t\t\t\t\t\t<\/div>\n\t\t\t\t<\/div>\n\t\t\t\t\t<\/div>\n\t\t\t\t<\/div>\n\t\t<div class=\"elementor-element elementor-element-8754fe2 e-flex e-con-boxed e-con e-parent\" data-id=\"8754fe2\" data-element_type=\"container\" data-e-type=\"container\">\n\t\t\t\t\t<div class=\"e-con-inner\">\n\t\t<div class=\"elementor-element elementor-element-c0a75fc e-con-full e-flex e-con e-child\" data-id=\"c0a75fc\" data-element_type=\"container\" data-e-type=\"container\">\n\t\t\t\t<div class=\"elementor-element elementor-element-36617ee elementor-widget elementor-widget-video\" data-id=\"36617ee\" data-element_type=\"widget\" data-e-type=\"widget\" data-settings=\"{&quot;youtube_url&quot;:&quot;https:\\\/\\\/www.youtube.com\\\/watch?v=FJVgPX44Hhw&quot;,&quot;video_type&quot;:&quot;youtube&quot;}\" data-widget_type=\"video.default\">\n\t\t\t\t<div class=\"elementor-widget-container\">\n\t\t\t\t\t\t\t<div class=\"elementor-wrapper elementor-open-inline\">\n\t\t\t<div class=\"elementor-video\"><\/div>\t\t<\/div>\n\t\t\t\t\t\t<\/div>\n\t\t\t\t<\/div>\n\t\t\t\t<\/div>\n\t\t<div class=\"elementor-element elementor-element-ffa6821 e-con-full e-flex e-con e-child\" data-id=\"ffa6821\" data-element_type=\"container\" data-e-type=\"container\">\n\t\t\t\t<div class=\"elementor-element elementor-element-0e72a78 elementor-widget elementor-widget-video\" data-id=\"0e72a78\" data-element_type=\"widget\" data-e-type=\"widget\" data-settings=\"{&quot;youtube_url&quot;:&quot;https:\\\/\\\/www.youtube.com\\\/watch?v=MCHZc9VZPAg&quot;,&quot;video_type&quot;:&quot;youtube&quot;}\" data-widget_type=\"video.default\">\n\t\t\t\t<div class=\"elementor-widget-container\">\n\t\t\t\t\t\t\t<div class=\"elementor-wrapper elementor-open-inline\">\n\t\t\t<div class=\"elementor-video\"><\/div>\t\t<\/div>\n\t\t\t\t\t\t<\/div>\n\t\t\t\t<\/div>\n\t\t\t\t<\/div>\n\t\t<div class=\"elementor-element elementor-element-4f61737 e-con-full e-flex e-con e-child\" data-id=\"4f61737\" data-element_type=\"container\" data-e-type=\"container\">\n\t\t\t\t<div class=\"elementor-element elementor-element-937111a elementor-widget elementor-widget-video\" data-id=\"937111a\" data-element_type=\"widget\" data-e-type=\"widget\" data-settings=\"{&quot;youtube_url&quot;:&quot;https:\\\/\\\/www.youtube.com\\\/watch?v=AtJjK8qKbuE&quot;,&quot;video_type&quot;:&quot;youtube&quot;}\" data-widget_type=\"video.default\">\n\t\t\t\t<div class=\"elementor-widget-container\">\n\t\t\t\t\t\t\t<div class=\"elementor-wrapper elementor-open-inline\">\n\t\t\t<div class=\"elementor-video\"><\/div>\t\t<\/div>\n\t\t\t\t\t\t<\/div>\n\t\t\t\t<\/div>\n\t\t\t\t<\/div>\n\t\t\t\t\t<\/div>\n\t\t\t\t<\/div>\n\t\t\t\t<section class=\"elementor-section elementor-top-section elementor-element elementor-element-bd47b5d elementor-section-boxed elementor-section-height-default elementor-section-height-default\" data-id=\"bd47b5d\" data-element_type=\"section\" data-e-type=\"section\">\n\t\t\t\t\t\t<div class=\"elementor-container elementor-column-gap-default\">\n\t\t\t\t\t<div class=\"elementor-column elementor-col-100 elementor-top-column elementor-element elementor-element-bd859e4\" data-id=\"bd859e4\" data-element_type=\"column\" data-e-type=\"column\">\n\t\t\t<div class=\"elementor-widget-wrap elementor-element-populated\">\n\t\t\t\t\t\t<div class=\"elementor-element elementor-element-95c09d2 animated-slow elementor-invisible elementor-widget elementor-widget-houzez_elementor_section_title\" data-id=\"95c09d2\" data-element_type=\"widget\" data-e-type=\"widget\" data-settings=\"{&quot;_animation&quot;:&quot;fadeInUp&quot;}\" data-widget_type=\"houzez_elementor_section_title.default\">\n\t\t\t\t<div class=\"elementor-widget-container\">\n\t\t\t\t\t            <div class=\"houzez_section_title_wrap section-title-module\">\n                                    <h2 class=\"houzez_section_title\">Araziler<\/h2>\n                \n                            <\/div>\n            \t\t\t\t<\/div>\n\t\t\t\t<\/div>\n\t\t\t\t\t<\/div>\n\t\t<\/div>\n\t\t\t\t\t<\/div>\n\t\t<\/section>\n\t\t<div class=\"elementor-element elementor-element-98a54a6 e-flex e-con-boxed e-con e-parent\" data-id=\"98a54a6\" data-element_type=\"container\" data-e-type=\"container\">\n\t\t\t\t\t<div class=\"e-con-inner\">\n\t\t\t\t<div class=\"elementor-element elementor-element-0a9194a elementor-widget elementor-widget-houzez_elementor_property-card-v2\" data-id=\"0a9194a\" data-element_type=\"widget\" data-e-type=\"widget\" data-widget_type=\"houzez_elementor_property-card-v2.default\">\n\t\t\t\t<div class=\"elementor-widget-container\">\n\t\t\t\t\t    <div id=\"properties_module_section\" class=\"property-cards-module property-cards-module-v2 property-cards-module-col-3\">\n        <div id=\"module_properties\" class=\"listing-view grid-view row row-cols-1 row-cols-md-2 row-cols-lg-3 gy-4 gx-4\">\n            <div class=\"p-4 bg-white\">\n\t<p class=\"text-center my-4 fs-5\">No listing found.<\/p>\n<\/div>        <\/div><!-- listing-view -->\n\n            <\/div><!-- property-grid-module -->\n    \t\t\t\t<\/div>\n\t\t\t\t<\/div>\n\t\t\t\t\t<\/div>\n\t\t\t\t<\/div>\n\t\t\t\t<\/div>\n\t\t","protected":false},"excerpt":{"rendered":"<p>Certainly! Here is a full text for a real estate sales page in English: **Page Title: Discover Your Dream Home with Our Exclusive Properties **Introduction:** Welcome to a world of luxury and comfort with our curated collection of premium properties for sale. Whether you&#8217;re in search of a sophisticated villa, a stylish apartment, or a [&hellip;]<\/p>\n","protected":false},"author":2,"featured_media":0,"parent":0,"menu_order":0,"comment_status":"closed","ping_status":"closed","template":"elementor_header_footer","meta":{"_acf_changed":false,"footnotes":""},"class_list":["post-21389","page","type-page","status-publish","hentry"],"acf":[],"yoast_head":"<!-- This site is optimized with the Yoast SEO plugin v26.9 - https:\/\/yoast.com\/product\/yoast-seo-wordpress\/ -->\n<title>Araziler - ILK ADIM<\/title>\n<meta name=\"description\" content=\"&quot;Araziler&quot; sayfas\u0131, sat\u0131l\u0131k veya kiral\u0131k arazi ilanlar\u0131n\u0131 g\u00f6sterir. Fiyatlar, konumlar ve \u00f6zellikler gibi bilgiler sunulur.\" \/>\n<meta name=\"robots\" content=\"index, follow, max-snippet:-1, max-image-preview:large, max-video-preview:-1\" \/>\n<link rel=\"canonical\" href=\"https:\/\/www.ilkadim-turkey.com\/tr\/araziler\/\" \/>\n<meta property=\"og:locale\" content=\"tr_TR\" \/>\n<meta property=\"og:type\" content=\"article\" \/>\n<meta property=\"og:title\" content=\"Araziler - ILK ADIM\" \/>\n<meta property=\"og:description\" content=\"&quot;Araziler&quot; sayfas\u0131, sat\u0131l\u0131k veya kiral\u0131k arazi ilanlar\u0131n\u0131 g\u00f6sterir. Fiyatlar, konumlar ve \u00f6zellikler gibi bilgiler sunulur.\" \/>\n<meta property=\"og:url\" content=\"https:\/\/www.ilkadim-turkey.com\/tr\/araziler\/\" \/>\n<meta property=\"og:site_name\" content=\"ILK ADIM\" \/>\n<meta property=\"article:publisher\" content=\"https:\/\/www.facebook.com\/Ilkadimgroup\" \/>\n<meta property=\"article:modified_time\" content=\"2024-02-07T09:58:49+00:00\" \/>\n<meta property=\"og:image\" content=\"https:\/\/www.ilkadim-turkey.com\/wp-content\/uploads\/2024\/02\/4.webp\" \/>\n<meta name=\"twitter:card\" content=\"summary_large_image\" \/>\n<meta name=\"twitter:site\" content=\"@IlkadimGroup\" \/>\n<meta name=\"twitter:label1\" content=\"Tahmini okuma s\u00fcresi\" \/>\n\t<meta name=\"twitter:data1\" content=\"1 dakika\" \/>\n<script type=\"application\/ld+json\" class=\"yoast-schema-graph\">{\"@context\":\"https:\/\/schema.org\",\"@graph\":[{\"@type\":\"WebPage\",\"@id\":\"https:\/\/www.ilkadim-turkey.com\/tr\/araziler\/\",\"url\":\"https:\/\/www.ilkadim-turkey.com\/tr\/araziler\/\",\"name\":\"Araziler - ILK ADIM\",\"isPartOf\":{\"@id\":\"https:\/\/www.ilkadim-turkey.com\/tr\/#website\"},\"primaryImageOfPage\":{\"@id\":\"https:\/\/www.ilkadim-turkey.com\/tr\/araziler\/#primaryimage\"},\"image\":{\"@id\":\"https:\/\/www.ilkadim-turkey.com\/tr\/araziler\/#primaryimage\"},\"thumbnailUrl\":\"https:\/\/www.ilkadim-turkey.com\/wp-content\/uploads\/2024\/02\/4.webp\",\"datePublished\":\"2023-04-16T08:14:45+00:00\",\"dateModified\":\"2024-02-07T09:58:49+00:00\",\"description\":\"\\\"Araziler\\\" sayfas\u0131, sat\u0131l\u0131k veya kiral\u0131k arazi ilanlar\u0131n\u0131 g\u00f6sterir. Fiyatlar, konumlar ve \u00f6zellikler gibi bilgiler sunulur.\",\"breadcrumb\":{\"@id\":\"https:\/\/www.ilkadim-turkey.com\/tr\/araziler\/#breadcrumb\"},\"inLanguage\":\"tr\",\"potentialAction\":[{\"@type\":\"ReadAction\",\"target\":[\"https:\/\/www.ilkadim-turkey.com\/tr\/araziler\/\"]}]},{\"@type\":\"ImageObject\",\"inLanguage\":\"tr\",\"@id\":\"https:\/\/www.ilkadim-turkey.com\/tr\/araziler\/#primaryimage\",\"url\":\"https:\/\/www.ilkadim-turkey.com\/wp-content\/uploads\/2024\/02\/4.webp\",\"contentUrl\":\"https:\/\/www.ilkadim-turkey.com\/wp-content\/uploads\/2024\/02\/4.webp\"},{\"@type\":\"BreadcrumbList\",\"@id\":\"https:\/\/www.ilkadim-turkey.com\/tr\/araziler\/#breadcrumb\",\"itemListElement\":[{\"@type\":\"ListItem\",\"position\":1,\"name\":\"Ana Sayfa\",\"item\":\"https:\/\/www.ilkadim-turkey.com\/tr\/\"},{\"@type\":\"ListItem\",\"position\":2,\"name\":\"Araziler\"}]},{\"@type\":\"WebSite\",\"@id\":\"https:\/\/www.ilkadim-turkey.com\/tr\/#website\",\"url\":\"https:\/\/www.ilkadim-turkey.com\/tr\/\",\"name\":\"ILK ADIM\",\"description\":\"\",\"publisher\":{\"@id\":\"https:\/\/www.ilkadim-turkey.com\/tr\/#organization\"},\"potentialAction\":[{\"@type\":\"SearchAction\",\"target\":{\"@type\":\"EntryPoint\",\"urlTemplate\":\"https:\/\/www.ilkadim-turkey.com\/tr\/?s={search_term_string}\"},\"query-input\":{\"@type\":\"PropertyValueSpecification\",\"valueRequired\":true,\"valueName\":\"search_term_string\"}}],\"inLanguage\":\"tr\"},{\"@type\":\"Organization\",\"@id\":\"https:\/\/www.ilkadim-turkey.com\/tr\/#organization\",\"name\":\"ILK ADIM\",\"url\":\"https:\/\/www.ilkadim-turkey.com\/tr\/\",\"logo\":{\"@type\":\"ImageObject\",\"inLanguage\":\"tr\",\"@id\":\"https:\/\/www.ilkadim-turkey.com\/tr\/#\/schema\/logo\/image\/\",\"url\":\"https:\/\/www.ilkadim-turkey.com\/wp-content\/uploads\/2023\/08\/ILK-ADIM-LOGO-Recovered-e1693432030496.png\",\"contentUrl\":\"https:\/\/www.ilkadim-turkey.com\/wp-content\/uploads\/2023\/08\/ILK-ADIM-LOGO-Recovered-e1693432030496.png\",\"width\":1474,\"height\":1456,\"caption\":\"ILK ADIM\"},\"image\":{\"@id\":\"https:\/\/www.ilkadim-turkey.com\/tr\/#\/schema\/logo\/image\/\"},\"sameAs\":[\"https:\/\/www.facebook.com\/Ilkadimgroup\",\"https:\/\/x.com\/IlkadimGroup\"]}]}<\/script>\n<!-- \/ Yoast SEO plugin. -->","yoast_head_json":{"title":"Araziler - ILK ADIM","description":"\"Araziler\" sayfas\u0131, sat\u0131l\u0131k veya kiral\u0131k arazi ilanlar\u0131n\u0131 g\u00f6sterir. Fiyatlar, konumlar ve \u00f6zellikler gibi bilgiler sunulur.","robots":{"index":"index","follow":"follow","max-snippet":"max-snippet:-1","max-image-preview":"max-image-preview:large","max-video-preview":"max-video-preview:-1"},"canonical":"https:\/\/www.ilkadim-turkey.com\/tr\/araziler\/","og_locale":"tr_TR","og_type":"article","og_title":"Araziler - ILK ADIM","og_description":"\"Araziler\" sayfas\u0131, sat\u0131l\u0131k veya kiral\u0131k arazi ilanlar\u0131n\u0131 g\u00f6sterir. Fiyatlar, konumlar ve \u00f6zellikler gibi bilgiler sunulur.","og_url":"https:\/\/www.ilkadim-turkey.com\/tr\/araziler\/","og_site_name":"ILK ADIM","article_publisher":"https:\/\/www.facebook.com\/Ilkadimgroup","article_modified_time":"2024-02-07T09:58:49+00:00","og_image":[{"url":"https:\/\/www.ilkadim-turkey.com\/wp-content\/uploads\/2024\/02\/4.webp","type":"","width":"","height":""}],"twitter_card":"summary_large_image","twitter_site":"@IlkadimGroup","twitter_misc":{"Tahmini okuma s\u00fcresi":"1 dakika"},"schema":{"@context":"https:\/\/schema.org","@graph":[{"@type":"WebPage","@id":"https:\/\/www.ilkadim-turkey.com\/tr\/araziler\/","url":"https:\/\/www.ilkadim-turkey.com\/tr\/araziler\/","name":"Araziler - ILK ADIM","isPartOf":{"@id":"https:\/\/www.ilkadim-turkey.com\/tr\/#website"},"primaryImageOfPage":{"@id":"https:\/\/www.ilkadim-turkey.com\/tr\/araziler\/#primaryimage"},"image":{"@id":"https:\/\/www.ilkadim-turkey.com\/tr\/araziler\/#primaryimage"},"thumbnailUrl":"https:\/\/www.ilkadim-turkey.com\/wp-content\/uploads\/2024\/02\/4.webp","datePublished":"2023-04-16T08:14:45+00:00","dateModified":"2024-02-07T09:58:49+00:00","description":"\"Araziler\" sayfas\u0131, sat\u0131l\u0131k veya kiral\u0131k arazi ilanlar\u0131n\u0131 g\u00f6sterir. Fiyatlar, konumlar ve \u00f6zellikler gibi bilgiler sunulur.","breadcrumb":{"@id":"https:\/\/www.ilkadim-turkey.com\/tr\/araziler\/#breadcrumb"},"inLanguage":"tr","potentialAction":[{"@type":"ReadAction","target":["https:\/\/www.ilkadim-turkey.com\/tr\/araziler\/"]}]},{"@type":"ImageObject","inLanguage":"tr","@id":"https:\/\/www.ilkadim-turkey.com\/tr\/araziler\/#primaryimage","url":"https:\/\/www.ilkadim-turkey.com\/wp-content\/uploads\/2024\/02\/4.webp","contentUrl":"https:\/\/www.ilkadim-turkey.com\/wp-content\/uploads\/2024\/02\/4.webp"},{"@type":"BreadcrumbList","@id":"https:\/\/www.ilkadim-turkey.com\/tr\/araziler\/#breadcrumb","itemListElement":[{"@type":"ListItem","position":1,"name":"Ana Sayfa","item":"https:\/\/www.ilkadim-turkey.com\/tr\/"},{"@type":"ListItem","position":2,"name":"Araziler"}]},{"@type":"WebSite","@id":"https:\/\/www.ilkadim-turkey.com\/tr\/#website","url":"https:\/\/www.ilkadim-turkey.com\/tr\/","name":"ILK ADIM","description":"","publisher":{"@id":"https:\/\/www.ilkadim-turkey.com\/tr\/#organization"},"potentialAction":[{"@type":"SearchAction","target":{"@type":"EntryPoint","urlTemplate":"https:\/\/www.ilkadim-turkey.com\/tr\/?s={search_term_string}"},"query-input":{"@type":"PropertyValueSpecification","valueRequired":true,"valueName":"search_term_string"}}],"inLanguage":"tr"},{"@type":"Organization","@id":"https:\/\/www.ilkadim-turkey.com\/tr\/#organization","name":"ILK ADIM","url":"https:\/\/www.ilkadim-turkey.com\/tr\/","logo":{"@type":"ImageObject","inLanguage":"tr","@id":"https:\/\/www.ilkadim-turkey.com\/tr\/#\/schema\/logo\/image\/","url":"https:\/\/www.ilkadim-turkey.com\/wp-content\/uploads\/2023\/08\/ILK-ADIM-LOGO-Recovered-e1693432030496.png","contentUrl":"https:\/\/www.ilkadim-turkey.com\/wp-content\/uploads\/2023\/08\/ILK-ADIM-LOGO-Recovered-e1693432030496.png","width":1474,"height":1456,"caption":"ILK ADIM"},"image":{"@id":"https:\/\/www.ilkadim-turkey.com\/tr\/#\/schema\/logo\/image\/"},"sameAs":["https:\/\/www.facebook.com\/Ilkadimgroup","https:\/\/x.com\/IlkadimGroup"]}]}},"_links":{"self":[{"href":"https:\/\/www.ilkadim-turkey.com\/tr\/wp-json\/wp\/v2\/pages\/21389","targetHints":{"allow":["GET"]}}],"collection":[{"href":"https:\/\/www.ilkadim-turkey.com\/tr\/wp-json\/wp\/v2\/pages"}],"about":[{"href":"https:\/\/www.ilkadim-turkey.com\/tr\/wp-json\/wp\/v2\/types\/page"}],"author":[{"embeddable":true,"href":"https:\/\/www.ilkadim-turkey.com\/tr\/wp-json\/wp\/v2\/users\/2"}],"replies":[{"embeddable":true,"href":"https:\/\/www.ilkadim-turkey.com\/tr\/wp-json\/wp\/v2\/comments?post=21389"}],"version-history":[{"count":9,"href":"https:\/\/www.ilkadim-turkey.com\/tr\/wp-json\/wp\/v2\/pages\/21389\/revisions"}],"predecessor-version":[{"id":28566,"href":"https:\/\/www.ilkadim-turkey.com\/tr\/wp-json\/wp\/v2\/pages\/21389\/revisions\/28566"}],"wp:attachment":[{"href":"https:\/\/www.ilkadim-turkey.com\/tr\/wp-json\/wp\/v2\/media?parent=21389"}],"curies":[{"name":"wp","href":"https:\/\/api.w.org\/{rel}","templated":true}]}}