{"id":22717,"date":"2023-07-07T21:00:54","date_gmt":"2023-07-07T21:00:54","guid":{"rendered":"https:\/\/ilkadim.dev50.xyz\/our-exhibitions\/"},"modified":"2024-02-07T17:56:17","modified_gmt":"2024-02-07T17:56:17","slug":"sergiler","status":"publish","type":"page","link":"https:\/\/www.ilkadim-turkey.com\/tr\/sergiler\/","title":{"rendered":"Sergiler"},"content":{"rendered":"\t\t<div data-elementor-type=\"wp-page\" data-elementor-id=\"22717\" class=\"elementor elementor-22717 elementor-22664\" data-elementor-post-type=\"page\">\n\t\t\t\t\t\t<section class=\"elementor-section elementor-top-section elementor-element elementor-element-aafab4f elementor-section-height-min-height elementor-section-boxed elementor-section-height-default elementor-section-items-middle\" data-id=\"aafab4f\" data-element_type=\"section\" data-e-type=\"section\" data-settings=\"{&quot;background_background&quot;:&quot;classic&quot;}\">\n\t\t\t\t\t\t<div class=\"elementor-container elementor-column-gap-default\">\n\t\t\t\t\t<div class=\"elementor-column elementor-col-100 elementor-top-column elementor-element elementor-element-49728b72\" data-id=\"49728b72\" data-element_type=\"column\" data-e-type=\"column\">\n\t\t\t<div class=\"elementor-widget-wrap elementor-element-populated\">\n\t\t\t\t\t\t<div class=\"elementor-element elementor-element-1796a279 elementor-widget elementor-widget-houzez-property-breadcrumb\" data-id=\"1796a279\" data-element_type=\"widget\" data-e-type=\"widget\" data-widget_type=\"houzez-property-breadcrumb.default\">\n\t\t\t\t<div class=\"elementor-widget-container\">\n\t\t\t\t\t<div class=\"breadcrumb-wrap\"><ol class=\"breadcrumb\"><li class=\"breadcrumb-item breadcrumb-item-home\"><i class=\"houzez-icon icon-house\"><\/i><a href=\"https:\/\/www.ilkadim-turkey.com\/tr\/\/\">Home<\/a><\/li><li class=\"breadcrumb-item active\">Sayfalar<\/li><\/ol><\/div>\t\t\t\t<\/div>\n\t\t\t\t<\/div>\n\t\t\t\t\t<\/div>\n\t\t<\/div>\n\t\t\t\t\t<\/div>\n\t\t<\/section>\n\t\t\t\t<section class=\"elementor-section elementor-top-section elementor-element elementor-element-7460e4dd elementor-section-boxed elementor-section-height-default elementor-section-height-default\" data-id=\"7460e4dd\" data-element_type=\"section\" data-e-type=\"section\">\n\t\t\t\t\t\t<div class=\"elementor-container elementor-column-gap-default\">\n\t\t\t\t\t<div class=\"elementor-column elementor-col-100 elementor-top-column elementor-element elementor-element-4a82a93d\" data-id=\"4a82a93d\" data-element_type=\"column\" data-e-type=\"column\">\n\t\t\t<div class=\"elementor-widget-wrap elementor-element-populated\">\n\t\t\t\t\t\t<div class=\"elementor-element elementor-element-16679ab4 animated-slow elementor-invisible elementor-widget elementor-widget-houzez_elementor_section_title\" data-id=\"16679ab4\" data-element_type=\"widget\" data-e-type=\"widget\" data-settings=\"{&quot;_animation&quot;:&quot;fadeInUp&quot;}\" data-widget_type=\"houzez_elementor_section_title.default\">\n\t\t\t\t<div class=\"elementor-widget-container\">\n\t\t\t\t\t            <div class=\"houzez_section_title_wrap section-title-module\">\n                                    <h2 class=\"houzez_section_title\">Sergilerimiz<\/h2>\n                \n                                    <p class=\"houzez_section_subtitle\">Sanatsal ve k\u00fclt\u00fcrel sergiler ve etkinliklerden olu\u015fan se\u00e7kin bir koleksiyon sunmaktan gurur duyuyoruz. Sergiler sayfam\u0131z size sanat ve k\u00fclt\u00fcr\u00fc birle\u015ftiren e\u015fsiz deneyimleri ke\u015ffetme ve bunlara kat\u0131lma f\u0131rsat\u0131 sunuyor. Showroom listemize g\u00f6z at\u0131n ve ilginizi \u00e7ekenleri bulun<\/p>\n                            <\/div>\n            \t\t\t\t<\/div>\n\t\t\t\t<\/div>\n\t\t\t\t<div class=\"elementor-element elementor-element-7ee55413 elementor-posts--align-center elementor-grid-3 elementor-grid-tablet-2 elementor-grid-mobile-1 elementor-posts--thumbnail-top elementor-card-shadow-yes elementor-posts__hover-gradient elementor-widget elementor-widget-posts\" data-id=\"7ee55413\" data-element_type=\"widget\" data-e-type=\"widget\" data-settings=\"{&quot;pagination_type&quot;:&quot;numbers&quot;,&quot;cards_columns&quot;:&quot;3&quot;,&quot;cards_columns_tablet&quot;:&quot;2&quot;,&quot;cards_columns_mobile&quot;:&quot;1&quot;,&quot;cards_row_gap&quot;:{&quot;unit&quot;:&quot;px&quot;,&quot;size&quot;:35,&quot;sizes&quot;:[]},&quot;cards_row_gap_tablet&quot;:{&quot;unit&quot;:&quot;px&quot;,&quot;size&quot;:&quot;&quot;,&quot;sizes&quot;:[]},&quot;cards_row_gap_mobile&quot;:{&quot;unit&quot;:&quot;px&quot;,&quot;size&quot;:&quot;&quot;,&quot;sizes&quot;:[]}}\" data-widget_type=\"posts.cards\">\n\t\t\t\t<div class=\"elementor-widget-container\">\n\t\t\t\t\t\t\t<div class=\"elementor-posts-container elementor-posts elementor-posts--skin-cards elementor-grid\" role=\"list\">\n\t\t\t\t<article class=\"elementor-post elementor-grid-item post-22547 exhibitions type-exhibitions status-publish has-post-thumbnail hentry\" role=\"listitem\">\n\t\t\t<div class=\"elementor-post__card\">\n\t\t\t\t<a class=\"elementor-post__thumbnail__link\" href=\"https:\/\/www.ilkadim-turkey.com\/tr\/exhibitions\/first-experimental-exhibition\/\" tabindex=\"-1\" ><div class=\"elementor-post__thumbnail\"><img fetchpriority=\"high\" decoding=\"async\" width=\"768\" height=\"768\" src=\"https:\/\/www.ilkadim-turkey.com\/wp-content\/uploads\/2023\/05\/post31-768x768.jpeg\" class=\"attachment-medium_large size-medium_large wp-image-21153\" alt=\"\u0623\u0631\u0642\u0627\u0645 \u0648\u0625\u062d\u0635\u0627\u0626\u064a\u0627\u062a..\" srcset=\"https:\/\/www.ilkadim-turkey.com\/wp-content\/uploads\/2023\/05\/post31-768x768.jpeg 768w, https:\/\/www.ilkadim-turkey.com\/wp-content\/uploads\/2023\/05\/post31-300x300.jpeg 300w, https:\/\/www.ilkadim-turkey.com\/wp-content\/uploads\/2023\/05\/post31-1024x1024.jpeg 1024w, https:\/\/www.ilkadim-turkey.com\/wp-content\/uploads\/2023\/05\/post31-150x150.jpeg 150w, https:\/\/www.ilkadim-turkey.com\/wp-content\/uploads\/2023\/05\/post31-600x600.jpeg 600w, https:\/\/www.ilkadim-turkey.com\/wp-content\/uploads\/2023\/05\/post31-496x496.jpeg 496w, https:\/\/www.ilkadim-turkey.com\/wp-content\/uploads\/2023\/05\/post31.jpeg 1080w\" sizes=\"(max-width: 768px) 100vw, 768px\" \/><\/div><\/a>\n\t\t\t\t<div class=\"elementor-post__text\">\n\t\t\t\t<h2 class=\"elementor-post__title\">\n\t\t\t<a href=\"https:\/\/www.ilkadim-turkey.com\/tr\/exhibitions\/first-experimental-exhibition\/\" >\n\t\t\t\tFirst experimental exhibition\t\t\t<\/a>\n\t\t<\/h2>\n\t\t\t\t<div class=\"elementor-post__excerpt\">\n\t\t\t<p>Lorem ipsum dolor sit amet, consectetur adipiscing elit, sed do eiusmod tempor incididunt ut labore et dolore magna aliqua. Ut enim ad minim veniam, quis nostrud exercitation ullamco laboris nisi ut aliquip ex ea commodo consequat. Duis aute irure dolor in reprehenderit in voluptate velit esse cillum dolore eu fugiat<\/p>\n\t\t<\/div>\n\t\t\t\t<\/div>\n\t\t\t\t\t<\/div>\n\t\t<\/article>\n\t\t\t\t<\/div>\n\t\t\n\t\t\t\t\t\t<\/div>\n\t\t\t\t<\/div>\n\t\t\t\t\t<\/div>\n\t\t<\/div>\n\t\t\t\t\t<\/div>\n\t\t<\/section>\n\t\t\t\t<\/div>\n\t\t","protected":false},"excerpt":{"rendered":"<p>\u0639\u0642\u0627\u0631\u0627\u062a \u0644\u0644\u0628\u064a\u0639 &#8211; \u0627\u0643\u062a\u0634\u0641 \u0623\u0641\u0636\u0644 \u0627\u0644\u0639\u0631\u0648\u0636 \u0639\u0628\u0631 \u0635\u0641\u062d\u062a\u0646\u0627 Sergiler \u0627\u0644\u062d\u0635\u0631\u064a\u0629 \u062e\u062f\u0645\u0627\u062a\u0646\u0627: \u062a\u0634\u0643\u064a\u0644\u0629 \u0645\u062a\u0646\u0648\u0639\u0629: \u0627\u0633\u062a\u0643\u0634\u0641 \u0645\u062c\u0645\u0648\u0639\u0629 \u0648\u0627\u0633\u0639\u0629 \u0645\u0646 \u0627\u0644\u0639\u0642\u0627\u0631\u0627\u062a \u0628\u0645\u062e\u062a\u0644\u0641 \u0627\u0644\u0645\u064a\u0632\u0627\u062a \u0648\u0627\u0644\u0623\u0633\u0639\u0627\u0631. &#8220;\u0639\u0642\u0627\u0631\u0627\u062a \u0644\u0644\u0628\u064a\u0639 &#8211; Sergiler \u0627\u0643\u062a\u0634\u0641 \u0623\u0641\u0636\u0644 \u0627\u0644\u0639\u0631\u0648\u0636 \u0639\u0628\u0631 \u0635\u0641\u062d\u062a\u0646\u0627 \u0627\u0644\u062d\u0635\u0631\u064a\u0629 \u0646\u0635 \u0627\u0644\u0635\u0641\u062d\u0629: \u0645\u0631\u062d\u0628\u064b\u0627 \u0628\u0643 \u0641\u064a \u0635\u0641\u062d\u0629 \u0628\u064a\u0639 \u0627\u0644\u0639\u0642\u0627\u0631\u0627\u062a \u0627\u0644\u0631\u0627\u0626\u062f\u0629! \u0646\u0642\u062f\u0645 \u0644\u0643 \u0641\u0631\u0635\u064b\u0627 \u0641\u0631\u064a\u062f\u0629 \u0644\u0627\u0642\u062a\u0646\u0627\u0621 \u0645\u0646\u0627\u0632\u0644 \u0648\u0627\u0633\u062a\u062b\u0645\u0627\u0631\u0627\u062a \u0639\u0642\u0627\u0631\u064a\u0629 \u0631\u0627\u0626\u0639\u0629. \u064a\u062a\u064a\u062d \u0644\u0643 \u0645\u0648\u0642\u0639\u0646\u0627 \u062a\u0635\u0641\u062d \u0645\u062c\u0645\u0648\u0639\u0629 \u0645\u062a\u0646\u0648\u0639\u0629 [&hellip;]<\/p>\n","protected":false},"author":2,"featured_media":0,"parent":0,"menu_order":0,"comment_status":"closed","ping_status":"closed","template":"elementor_header_footer","meta":{"_acf_changed":false,"footnotes":""},"class_list":["post-22717","page","type-page","status-publish","hentry"],"acf":[],"yoast_head":"<!-- This site is optimized with the Yoast SEO plugin v26.9 - https:\/\/yoast.com\/product\/yoast-seo-wordpress\/ -->\n<title>Sergiler - ILK ADIM<\/title>\n<meta name=\"description\" content=\"&quot;Sergiler: Sanat ve k\u00fclt\u00fcr\u00fcn zenginliklerini ke\u015ffetmek i\u00e7in sizi bekliyoruz. Detayl\u0131 bilgi i\u00e7in ziyaret edin.&quot;\" \/>\n<meta name=\"robots\" content=\"index, follow, max-snippet:-1, max-image-preview:large, max-video-preview:-1\" \/>\n<link rel=\"canonical\" href=\"https:\/\/www.ilkadim-turkey.com\/tr\/sergiler\/\" \/>\n<meta property=\"og:locale\" content=\"tr_TR\" \/>\n<meta property=\"og:type\" content=\"article\" \/>\n<meta property=\"og:title\" content=\"Sergiler - ILK ADIM\" \/>\n<meta property=\"og:description\" content=\"&quot;Sergiler: Sanat ve k\u00fclt\u00fcr\u00fcn zenginliklerini ke\u015ffetmek i\u00e7in sizi bekliyoruz. Detayl\u0131 bilgi i\u00e7in ziyaret edin.&quot;\" \/>\n<meta property=\"og:url\" content=\"https:\/\/www.ilkadim-turkey.com\/tr\/sergiler\/\" \/>\n<meta property=\"og:site_name\" content=\"ILK ADIM\" \/>\n<meta property=\"article:publisher\" content=\"https:\/\/www.facebook.com\/Ilkadimgroup\" \/>\n<meta property=\"article:modified_time\" content=\"2024-02-07T17:56:17+00:00\" \/>\n<meta property=\"og:image\" content=\"https:\/\/www.ilkadim-turkey.com\/wp-content\/uploads\/2024\/02\/4.webp\" \/>\n<meta name=\"twitter:card\" content=\"summary_large_image\" \/>\n<meta name=\"twitter:site\" content=\"@IlkadimGroup\" \/>\n<meta name=\"twitter:label1\" content=\"Tahmini okuma s\u00fcresi\" \/>\n\t<meta name=\"twitter:data1\" content=\"1 dakika\" \/>\n<script type=\"application\/ld+json\" class=\"yoast-schema-graph\">{\"@context\":\"https:\/\/schema.org\",\"@graph\":[{\"@type\":\"WebPage\",\"@id\":\"https:\/\/www.ilkadim-turkey.com\/tr\/sergiler\/\",\"url\":\"https:\/\/www.ilkadim-turkey.com\/tr\/sergiler\/\",\"name\":\"Sergiler - ILK ADIM\",\"isPartOf\":{\"@id\":\"https:\/\/www.ilkadim-turkey.com\/tr\/#website\"},\"primaryImageOfPage\":{\"@id\":\"https:\/\/www.ilkadim-turkey.com\/tr\/sergiler\/#primaryimage\"},\"image\":{\"@id\":\"https:\/\/www.ilkadim-turkey.com\/tr\/sergiler\/#primaryimage\"},\"thumbnailUrl\":\"https:\/\/www.ilkadim-turkey.com\/wp-content\/uploads\/2024\/02\/4.webp\",\"datePublished\":\"2023-07-07T21:00:54+00:00\",\"dateModified\":\"2024-02-07T17:56:17+00:00\",\"description\":\"\\\"Sergiler: Sanat ve k\u00fclt\u00fcr\u00fcn zenginliklerini ke\u015ffetmek i\u00e7in sizi bekliyoruz. Detayl\u0131 bilgi i\u00e7in ziyaret edin.\\\"\",\"breadcrumb\":{\"@id\":\"https:\/\/www.ilkadim-turkey.com\/tr\/sergiler\/#breadcrumb\"},\"inLanguage\":\"tr\",\"potentialAction\":[{\"@type\":\"ReadAction\",\"target\":[\"https:\/\/www.ilkadim-turkey.com\/tr\/sergiler\/\"]}]},{\"@type\":\"ImageObject\",\"inLanguage\":\"tr\",\"@id\":\"https:\/\/www.ilkadim-turkey.com\/tr\/sergiler\/#primaryimage\",\"url\":\"https:\/\/www.ilkadim-turkey.com\/wp-content\/uploads\/2024\/02\/4.webp\",\"contentUrl\":\"https:\/\/www.ilkadim-turkey.com\/wp-content\/uploads\/2024\/02\/4.webp\"},{\"@type\":\"BreadcrumbList\",\"@id\":\"https:\/\/www.ilkadim-turkey.com\/tr\/sergiler\/#breadcrumb\",\"itemListElement\":[{\"@type\":\"ListItem\",\"position\":1,\"name\":\"Ana Sayfa\",\"item\":\"https:\/\/www.ilkadim-turkey.com\/tr\/\"},{\"@type\":\"ListItem\",\"position\":2,\"name\":\"Sergiler\"}]},{\"@type\":\"WebSite\",\"@id\":\"https:\/\/www.ilkadim-turkey.com\/tr\/#website\",\"url\":\"https:\/\/www.ilkadim-turkey.com\/tr\/\",\"name\":\"ILK ADIM\",\"description\":\"\",\"publisher\":{\"@id\":\"https:\/\/www.ilkadim-turkey.com\/tr\/#organization\"},\"potentialAction\":[{\"@type\":\"SearchAction\",\"target\":{\"@type\":\"EntryPoint\",\"urlTemplate\":\"https:\/\/www.ilkadim-turkey.com\/tr\/?s={search_term_string}\"},\"query-input\":{\"@type\":\"PropertyValueSpecification\",\"valueRequired\":true,\"valueName\":\"search_term_string\"}}],\"inLanguage\":\"tr\"},{\"@type\":\"Organization\",\"@id\":\"https:\/\/www.ilkadim-turkey.com\/tr\/#organization\",\"name\":\"ILK ADIM\",\"url\":\"https:\/\/www.ilkadim-turkey.com\/tr\/\",\"logo\":{\"@type\":\"ImageObject\",\"inLanguage\":\"tr\",\"@id\":\"https:\/\/www.ilkadim-turkey.com\/tr\/#\/schema\/logo\/image\/\",\"url\":\"https:\/\/www.ilkadim-turkey.com\/wp-content\/uploads\/2023\/08\/ILK-ADIM-LOGO-Recovered-e1693432030496.png\",\"contentUrl\":\"https:\/\/www.ilkadim-turkey.com\/wp-content\/uploads\/2023\/08\/ILK-ADIM-LOGO-Recovered-e1693432030496.png\",\"width\":1474,\"height\":1456,\"caption\":\"ILK ADIM\"},\"image\":{\"@id\":\"https:\/\/www.ilkadim-turkey.com\/tr\/#\/schema\/logo\/image\/\"},\"sameAs\":[\"https:\/\/www.facebook.com\/Ilkadimgroup\",\"https:\/\/x.com\/IlkadimGroup\"]}]}<\/script>\n<!-- \/ Yoast SEO plugin. -->","yoast_head_json":{"title":"Sergiler - ILK ADIM","description":"\"Sergiler: Sanat ve k\u00fclt\u00fcr\u00fcn zenginliklerini ke\u015ffetmek i\u00e7in sizi bekliyoruz. Detayl\u0131 bilgi i\u00e7in ziyaret edin.\"","robots":{"index":"index","follow":"follow","max-snippet":"max-snippet:-1","max-image-preview":"max-image-preview:large","max-video-preview":"max-video-preview:-1"},"canonical":"https:\/\/www.ilkadim-turkey.com\/tr\/sergiler\/","og_locale":"tr_TR","og_type":"article","og_title":"Sergiler - ILK ADIM","og_description":"\"Sergiler: Sanat ve k\u00fclt\u00fcr\u00fcn zenginliklerini ke\u015ffetmek i\u00e7in sizi bekliyoruz. Detayl\u0131 bilgi i\u00e7in ziyaret edin.\"","og_url":"https:\/\/www.ilkadim-turkey.com\/tr\/sergiler\/","og_site_name":"ILK ADIM","article_publisher":"https:\/\/www.facebook.com\/Ilkadimgroup","article_modified_time":"2024-02-07T17:56:17+00:00","og_image":[{"url":"https:\/\/www.ilkadim-turkey.com\/wp-content\/uploads\/2024\/02\/4.webp","type":"","width":"","height":""}],"twitter_card":"summary_large_image","twitter_site":"@IlkadimGroup","twitter_misc":{"Tahmini okuma s\u00fcresi":"1 dakika"},"schema":{"@context":"https:\/\/schema.org","@graph":[{"@type":"WebPage","@id":"https:\/\/www.ilkadim-turkey.com\/tr\/sergiler\/","url":"https:\/\/www.ilkadim-turkey.com\/tr\/sergiler\/","name":"Sergiler - ILK ADIM","isPartOf":{"@id":"https:\/\/www.ilkadim-turkey.com\/tr\/#website"},"primaryImageOfPage":{"@id":"https:\/\/www.ilkadim-turkey.com\/tr\/sergiler\/#primaryimage"},"image":{"@id":"https:\/\/www.ilkadim-turkey.com\/tr\/sergiler\/#primaryimage"},"thumbnailUrl":"https:\/\/www.ilkadim-turkey.com\/wp-content\/uploads\/2024\/02\/4.webp","datePublished":"2023-07-07T21:00:54+00:00","dateModified":"2024-02-07T17:56:17+00:00","description":"\"Sergiler: Sanat ve k\u00fclt\u00fcr\u00fcn zenginliklerini ke\u015ffetmek i\u00e7in sizi bekliyoruz. Detayl\u0131 bilgi i\u00e7in ziyaret edin.\"","breadcrumb":{"@id":"https:\/\/www.ilkadim-turkey.com\/tr\/sergiler\/#breadcrumb"},"inLanguage":"tr","potentialAction":[{"@type":"ReadAction","target":["https:\/\/www.ilkadim-turkey.com\/tr\/sergiler\/"]}]},{"@type":"ImageObject","inLanguage":"tr","@id":"https:\/\/www.ilkadim-turkey.com\/tr\/sergiler\/#primaryimage","url":"https:\/\/www.ilkadim-turkey.com\/wp-content\/uploads\/2024\/02\/4.webp","contentUrl":"https:\/\/www.ilkadim-turkey.com\/wp-content\/uploads\/2024\/02\/4.webp"},{"@type":"BreadcrumbList","@id":"https:\/\/www.ilkadim-turkey.com\/tr\/sergiler\/#breadcrumb","itemListElement":[{"@type":"ListItem","position":1,"name":"Ana Sayfa","item":"https:\/\/www.ilkadim-turkey.com\/tr\/"},{"@type":"ListItem","position":2,"name":"Sergiler"}]},{"@type":"WebSite","@id":"https:\/\/www.ilkadim-turkey.com\/tr\/#website","url":"https:\/\/www.ilkadim-turkey.com\/tr\/","name":"ILK ADIM","description":"","publisher":{"@id":"https:\/\/www.ilkadim-turkey.com\/tr\/#organization"},"potentialAction":[{"@type":"SearchAction","target":{"@type":"EntryPoint","urlTemplate":"https:\/\/www.ilkadim-turkey.com\/tr\/?s={search_term_string}"},"query-input":{"@type":"PropertyValueSpecification","valueRequired":true,"valueName":"search_term_string"}}],"inLanguage":"tr"},{"@type":"Organization","@id":"https:\/\/www.ilkadim-turkey.com\/tr\/#organization","name":"ILK ADIM","url":"https:\/\/www.ilkadim-turkey.com\/tr\/","logo":{"@type":"ImageObject","inLanguage":"tr","@id":"https:\/\/www.ilkadim-turkey.com\/tr\/#\/schema\/logo\/image\/","url":"https:\/\/www.ilkadim-turkey.com\/wp-content\/uploads\/2023\/08\/ILK-ADIM-LOGO-Recovered-e1693432030496.png","contentUrl":"https:\/\/www.ilkadim-turkey.com\/wp-content\/uploads\/2023\/08\/ILK-ADIM-LOGO-Recovered-e1693432030496.png","width":1474,"height":1456,"caption":"ILK ADIM"},"image":{"@id":"https:\/\/www.ilkadim-turkey.com\/tr\/#\/schema\/logo\/image\/"},"sameAs":["https:\/\/www.facebook.com\/Ilkadimgroup","https:\/\/x.com\/IlkadimGroup"]}]}},"_links":{"self":[{"href":"https:\/\/www.ilkadim-turkey.com\/tr\/wp-json\/wp\/v2\/pages\/22717","targetHints":{"allow":["GET"]}}],"collection":[{"href":"https:\/\/www.ilkadim-turkey.com\/tr\/wp-json\/wp\/v2\/pages"}],"about":[{"href":"https:\/\/www.ilkadim-turkey.com\/tr\/wp-json\/wp\/v2\/types\/page"}],"author":[{"embeddable":true,"href":"https:\/\/www.ilkadim-turkey.com\/tr\/wp-json\/wp\/v2\/users\/2"}],"replies":[{"embeddable":true,"href":"https:\/\/www.ilkadim-turkey.com\/tr\/wp-json\/wp\/v2\/comments?post=22717"}],"version-history":[{"count":11,"href":"https:\/\/www.ilkadim-turkey.com\/tr\/wp-json\/wp\/v2\/pages\/22717\/revisions"}],"predecessor-version":[{"id":28585,"href":"https:\/\/www.ilkadim-turkey.com\/tr\/wp-json\/wp\/v2\/pages\/22717\/revisions\/28585"}],"wp:attachment":[{"href":"https:\/\/www.ilkadim-turkey.com\/tr\/wp-json\/wp\/v2\/media?parent=22717"}],"curies":[{"name":"wp","href":"https:\/\/api.w.org\/{rel}","templated":true}]}}